{"id":236,"date":"2020-12-16T13:38:18","date_gmt":"2020-12-16T13:38:18","guid":{"rendered":"https:\/\/seeninibiza.com\/winkelmand\/"},"modified":"2025-08-07T13:38:02","modified_gmt":"2025-08-07T11:38:02","slug":"cart","status":"publish","type":"page","link":"https:\/\/seeninibiza.com\/en\/winkelwagen\/","title":{"rendered":"Basket"},"content":{"rendered":"<div data-elementor-type=\"wp-page\" data-elementor-id=\"236\" class=\"elementor elementor-236\" data-elementor-post-type=\"page\">\n\t\t\t\t<div class=\"elementor-element elementor-element-efef05e e-flex e-con-boxed e-con e-parent\" data-id=\"efef05e\" data-element_type=\"container\" data-e-type=\"container\">\n\t\t\t\t\t<div class=\"e-con-inner\">\n\t\t\t\t<div class=\"elementor-element elementor-element-d22b2a3 elementor-widget elementor-widget-heading\" data-id=\"d22b2a3\" data-element_type=\"widget\" data-e-type=\"widget\" data-no-translation=\"\" data-widget_type=\"heading.default\">\n\t\t\t\t<div class=\"elementor-widget-container\">\n\t\t\t\t\t<style>.elementor-element-d22b2a3{display:none !important}<\/style>\t\t\t\t<\/div>\n\t\t\t\t<\/div>\n\t\t\t\t<div class=\"elementor-element elementor-element-3650abb elementor-widget elementor-widget-heading\" data-id=\"3650abb\" data-element_type=\"widget\" data-e-type=\"widget\" data-no-translation=\"\" data-widget_type=\"heading.default\">\n\t\t\t\t<div class=\"elementor-widget-container\">\n\t\t\t\t\t<span class=\"elementor-heading-title elementor-size-default\">Cart<\/span>\t\t\t\t<\/div>\n\t\t\t\t<\/div>\n\t\t\t\t\t<\/div>\n\t\t\t\t<\/div>\n\t\t<div class=\"elementor-element elementor-element-f635ddc e-flex e-con-boxed e-con e-parent\" data-id=\"f635ddc\" data-element_type=\"container\" data-e-type=\"container\">\n\t\t\t\t\t<div class=\"e-con-inner\">\n\t\t<div class=\"elementor-element elementor-element-fb4523f e-con-full e-flex e-con e-child\" data-id=\"fb4523f\" data-element_type=\"container\" data-e-type=\"container\">\n\t\t\t\t<\/div>\n\t\t\t\t\t<\/div>\n\t\t\t\t<\/div>\n\t\t<div class=\"elementor-element elementor-element-ad100b3 e-flex e-con-boxed e-con e-parent\" data-id=\"ad100b3\" data-element_type=\"container\" data-e-type=\"container\">\n\t\t\t\t\t<div class=\"e-con-inner\">\n\t\t<div class=\"elementor-element elementor-element-a962b57 e-con-full e-flex e-con e-child\" data-id=\"a962b57\" data-element_type=\"container\" data-e-type=\"container\">\n\t\t\t\t<div class=\"elementor-element elementor-element-68a540d elementor-widget elementor-widget-text-editor\" data-id=\"68a540d\" data-element_type=\"widget\" data-e-type=\"widget\" data-widget_type=\"text-editor.default\">\n\t\t\t\t<div class=\"elementor-widget-container\">\n\t\t\t\t\t\t\t\t\t<p>To ensure the good condition of your jewellery, a little care is essential. For example, it is important to avoid contact with perfume, hair spray, creams, bleach and alcohol. Always remove your jewellery when you shower, swim or do the dishes. If you want to clean your jewellery, it is best to do so gently with a warm and slightly damp microfiber cloth<\/p>\t\t\t\t\t\t\t\t<\/div>\n\t\t\t\t<\/div>\n\t\t\t\t<\/div>\n\t\t\t\t\t<\/div>\n\t\t\t\t<\/div>\n\t\t\t\t<\/div>","protected":false},"excerpt":{"rendered":"<p>Winkelwagen Artikel verwijderen Thumbnail afbeelding Product Prijs Aantal Subtotaal &times; Ketting &#8211; Goud &euro;39,00 Ketting &#8211; Goud aantal &euro;39,00 &times; Oorbel &#8211; Goud &euro;69,00 Oorbel &#8211; Goud aantal &euro;69,00 Waardebon toepassen Subtotaal &euro;108,00 Verzending Inclusief btw, gratis verzending binnen Nederland en Belgi\u00eb Verzenden naar Hakkesstraat 32, 5916 PX Venlo. Adres wijzigen Land\/regio Selecteer een land\/regio&hellip;Belgi\u00ebBulgarijeCyprusDenemarkenDuitslandEstlandFinlandFrankrijkGriekenlandHongarijeIerlandItali\u00ebKroati\u00ebLetlandLitouwenLuxemburgMaltaMonacoNederlandOostenrijkPolenPortugalRoemeni\u00ebSloveni\u00ebSlowakijeSpanjeVerenigd [&hellip;]<\/p>\n","protected":false},"author":1,"featured_media":0,"parent":0,"menu_order":0,"comment_status":"closed","ping_status":"closed","template":"","meta":{"_acf_changed":false,"footnotes":"","_links_to":"","_links_to_target":""},"class_list":["post-236","page","type-page","status-publish","hentry"],"acf":[],"_links":{"self":[{"href":"https:\/\/seeninibiza.com\/en\/wp-json\/wp\/v2\/pages\/236","targetHints":{"allow":["GET"]}}],"collection":[{"href":"https:\/\/seeninibiza.com\/en\/wp-json\/wp\/v2\/pages"}],"about":[{"href":"https:\/\/seeninibiza.com\/en\/wp-json\/wp\/v2\/types\/page"}],"author":[{"embeddable":true,"href":"https:\/\/seeninibiza.com\/en\/wp-json\/wp\/v2\/users\/1"}],"replies":[{"embeddable":true,"href":"https:\/\/seeninibiza.com\/en\/wp-json\/wp\/v2\/comments?post=236"}],"version-history":[{"count":70,"href":"https:\/\/seeninibiza.com\/en\/wp-json\/wp\/v2\/pages\/236\/revisions"}],"predecessor-version":[{"id":2621,"href":"https:\/\/seeninibiza.com\/en\/wp-json\/wp\/v2\/pages\/236\/revisions\/2621"}],"wp:attachment":[{"href":"https:\/\/seeninibiza.com\/en\/wp-json\/wp\/v2\/media?parent=236"}],"curies":[{"name":"wp","href":"https:\/\/api.w.org\/{rel}","templated":true}]}}